{"id":782,"date":"2021-04-18T15:14:43","date_gmt":"2021-04-18T15:14:43","guid":{"rendered":"https:\/\/millen.lu\/?page_id=782"},"modified":"2024-03-26T17:24:22","modified_gmt":"2024-03-26T16:24:22","slug":"moulin-fonde-en-titre","status":"publish","type":"page","link":"https:\/\/millen.lu\/en_gb\/moulin-fonde-en-titre\/","title":{"rendered":"Moulin fond\u00e9 en titre"},"content":{"rendered":"<div data-elementor-type=\"wp-page\" data-elementor-id=\"782\" class=\"elementor elementor-782\">\n\t\t\t\t\t\t<section class=\"elementor-section elementor-top-section elementor-element elementor-element-5f118a5a elementor-section-boxed elementor-section-height-default elementor-section-height-default\" data-id=\"5f118a5a\" data-element_type=\"section\" data-settings=\"{&quot;background_background&quot;:&quot;classic&quot;}\">\n\t\t\t\t\t\t<div class=\"elementor-container elementor-column-gap-default\">\n\t\t\t\t\t<div class=\"elementor-column elementor-col-100 elementor-top-column elementor-element elementor-element-48a564be\" data-id=\"48a564be\" data-element_type=\"column\">\n\t\t\t<div class=\"elementor-widget-wrap elementor-element-populated\">\n\t\t\t\t\t\t<section class=\"elementor-section elementor-inner-section elementor-element elementor-element-5cfdbb9d elementor-section-boxed elementor-section-height-default elementor-section-height-default\" data-id=\"5cfdbb9d\" data-element_type=\"section\">\n\t\t\t\t\t\t<div class=\"elementor-container elementor-column-gap-default\">\n\t\t\t\t\t<div class=\"elementor-column elementor-col-50 elementor-inner-column elementor-element elementor-element-285d98ff\" data-id=\"285d98ff\" data-element_type=\"column\">\n\t\t\t<div class=\"elementor-widget-wrap elementor-element-populated\">\n\t\t\t\t\t\t<div class=\"elementor-element elementor-element-4b2f1fb7 elementor-widget elementor-widget-heading\" data-id=\"4b2f1fb7\" data-element_type=\"widget\" data-widget_type=\"heading.default\">\n\t\t\t\t<div class=\"elementor-widget-container\">\n\t\t\t\t\t<h6 class=\"elementor-heading-title elementor-size-default\">Le droit d'eau<\/h6>\t\t\t\t<\/div>\n\t\t\t\t<\/div>\n\t\t\t\t\t<\/div>\n\t\t<\/div>\n\t\t\t\t<div class=\"elementor-column elementor-col-50 elementor-inner-column elementor-element elementor-element-1185ab94\" data-id=\"1185ab94\" data-element_type=\"column\">\n\t\t\t<div class=\"elementor-widget-wrap elementor-element-populated\">\n\t\t\t\t\t\t<div class=\"elementor-element elementor-element-743253b9 elementor-widget-divider--view-line elementor-widget elementor-widget-divider\" data-id=\"743253b9\" data-element_type=\"widget\" data-widget_type=\"divider.default\">\n\t\t\t\t<div class=\"elementor-widget-container\">\n\t\t\t\t\t\t\t<div class=\"elementor-divider\">\n\t\t\t<span class=\"elementor-divider-separator\">\n\t\t\t\t\t\t<\/span>\n\t\t<\/div>\n\t\t\t\t\t\t<\/div>\n\t\t\t\t<\/div>\n\t\t\t\t\t<\/div>\n\t\t<\/div>\n\t\t\t\t\t<\/div>\n\t\t<\/section>\n\t\t\t\t<div class=\"elementor-element elementor-element-679ee738 elementor-widget elementor-widget-heading\" data-id=\"679ee738\" data-element_type=\"widget\" data-widget_type=\"heading.default\">\n\t\t\t\t<div class=\"elementor-widget-container\">\n\t\t\t\t\t<h4 class=\"elementor-heading-title elementor-size-default\">Le droit d'eau et les actes relevants <\/h4>\t\t\t\t<\/div>\n\t\t\t\t<\/div>\n\t\t\t\t<div class=\"elementor-element elementor-element-57f7fc82 elementor-widget-divider--view-line elementor-widget elementor-widget-divider\" data-id=\"57f7fc82\" data-element_type=\"widget\" data-widget_type=\"divider.default\">\n\t\t\t\t<div class=\"elementor-widget-container\">\n\t\t\t\t\t\t\t<div class=\"elementor-divider\">\n\t\t\t<span class=\"elementor-divider-separator\">\n\t\t\t\t\t\t<\/span>\n\t\t<\/div>\n\t\t\t\t\t\t<\/div>\n\t\t\t\t<\/div>\n\t\t\t\t\t<\/div>\n\t\t<\/div>\n\t\t\t\t\t<\/div>\n\t\t<\/section>\n\t\t\t\t<section class=\"elementor-section elementor-top-section elementor-element elementor-element-bc92b31 elementor-section-boxed elementor-section-height-default elementor-section-height-default\" data-id=\"bc92b31\" data-element_type=\"section\" data-settings=\"{&quot;background_background&quot;:&quot;classic&quot;}\">\n\t\t\t\t\t\t<div class=\"elementor-container elementor-column-gap-default\">\n\t\t\t\t\t<div class=\"elementor-column elementor-col-50 elementor-top-column elementor-element elementor-element-314547b\" data-id=\"314547b\" data-element_type=\"column\">\n\t\t\t<div class=\"elementor-widget-wrap elementor-element-populated\">\n\t\t\t\t\t\t<div class=\"elementor-element elementor-element-23d22dc elementor-widget elementor-widget-image\" data-id=\"23d22dc\" data-element_type=\"widget\" data-widget_type=\"image.default\">\n\t\t\t\t<div class=\"elementor-widget-container\">\n\t\t\t\t\t\t\t\t\t\t\t\t<figure class=\"wp-caption\">\n\t\t\t\t\t\t\t\t\t\t\t<a href=\"https:\/\/millen.lu\/wp-content\/uploads\/2021\/04\/Carte-Ferrari-Surre.jpg\">\n\t\t\t\t\t\t\t<img fetchpriority=\"high\" decoding=\"async\" width=\"894\" height=\"714\" src=\"https:\/\/millen.lu\/wp-content\/uploads\/2021\/04\/Carte-Ferrari-Surre.jpg\" class=\"attachment-large size-large wp-image-1111\" alt=\"\" srcset=\"https:\/\/millen.lu\/wp-content\/uploads\/2021\/04\/Carte-Ferrari-Surre.jpg 894w, https:\/\/millen.lu\/wp-content\/uploads\/2021\/04\/Carte-Ferrari-Surre-300x240.jpg 300w, https:\/\/millen.lu\/wp-content\/uploads\/2021\/04\/Carte-Ferrari-Surre-768x613.jpg 768w, https:\/\/millen.lu\/wp-content\/uploads\/2021\/04\/Carte-Ferrari-Surre-16x12.jpg 16w\" sizes=\"(max-width: 894px) 100vw, 894px\" \/>\t\t\t\t\t\t\t\t<\/a>\n\t\t\t\t\t\t\t\t\t\t\t<figcaption class=\"widget-image-caption wp-caption-text\">Carte Ferraris de Surr\u00e9<\/figcaption>\n\t\t\t\t\t\t\t\t\t\t<\/figure>\n\t\t\t\t\t\t\t\t\t<\/div>\n\t\t\t\t<\/div>\n\t\t\t\t\t<\/div>\n\t\t<\/div>\n\t\t\t\t<div class=\"elementor-column elementor-col-50 elementor-top-column elementor-element elementor-element-f7a1c2f\" data-id=\"f7a1c2f\" data-element_type=\"column\">\n\t\t\t<div class=\"elementor-widget-wrap elementor-element-populated\">\n\t\t\t\t\t\t<div class=\"elementor-element elementor-element-4ed64ae elementor-widget elementor-widget-heading\" data-id=\"4ed64ae\" data-element_type=\"widget\" data-widget_type=\"heading.default\">\n\t\t\t\t<div class=\"elementor-widget-container\">\n\t\t\t\t\t<p class=\"elementor-heading-title elementor-size-medium\">Au Moyen-\u00e2ge, il n\u2019\u00e9tait probablement venu \u00e0 l\u2019id\u00e9e de personne que les droits donn\u00e9s pour l\u2019utilisation de l\u2019eau pourraient \u00eatre \u00e0 dur\u00e9e limit\u00e9e. Ils ne l\u2019ont donc pas \u00e9t\u00e9. Il en d\u00e9coule aujourd\u2019hui que les ouvrages fond\u00e9s en titre sont consid\u00e9r\u00e9s comme disposant d\u2019un droit imprescriptible (l\u2019Etat ne peut le supprimer). Il s\u2018agit d\u2019un droit r\u00e9el immobilier \u00e0 l\u2019usage pr\u00e9f\u00e9rentiel de l\u2019eau, inali\u00e9nable et de caract\u00e8re perp\u00e9tuel.<\/p>\t\t\t\t<\/div>\n\t\t\t\t<\/div>\n\t\t\t\t<div class=\"elementor-element elementor-element-11885dd elementor-widget elementor-widget-heading\" data-id=\"11885dd\" data-element_type=\"widget\" data-widget_type=\"heading.default\">\n\t\t\t\t<div class=\"elementor-widget-container\">\n\t\t\t\t\t<p class=\"elementor-heading-title elementor-size-medium\">Tout b\u00e2timent utilisant la force hydraulique implique pour son am\u00e9nagement, d\u2019importants travaux de\nd\u00e9tournement des eaux. En raison de l\u2019intervention exerc\u00e9e sur le r\u00e9gime d\u2019un cours d\u2019eau, son\ninstallation et son fonctionnement reposent sur l\u2019existence d\u2019un droit pour exploiter la force motrice de\nl\u2019eau appel\u00e9 commun\u00e9ment \u00abdroit d\u2019eau\u00bb. <\/p>\t\t\t\t<\/div>\n\t\t\t\t<\/div>\n\t\t\t\t<div class=\"elementor-element elementor-element-8f288c3 elementor-widget elementor-widget-heading\" data-id=\"8f288c3\" data-element_type=\"widget\" data-widget_type=\"heading.default\">\n\t\t\t\t<div class=\"elementor-widget-container\">\n\t\t\t\t\t<p class=\"elementor-heading-title elementor-size-medium\">Le moulin de Surr\u00e9 poss\u00e8de une concession f\u00e9odale pour l'usage du cours d'eau, remontant \u00e0 une \u00e9poque ant\u00e9rieure \u00e0 l'Edit de Louis XIV du <b>13 ao\u00fbt 1669 <\/b>.<\/p>\t\t\t\t<\/div>\n\t\t\t\t<\/div>\n\t\t\t\t<div class=\"elementor-element elementor-element-ed0264b elementor-widget elementor-widget-heading\" data-id=\"ed0264b\" data-element_type=\"widget\" data-widget_type=\"heading.default\">\n\t\t\t\t<div class=\"elementor-widget-container\">\n\t\t\t\t\t<p class=\"elementor-heading-title elementor-size-medium\">Avec l'arr\u00eat\u00e9 royal du <b>28 ao\u00fbt 1820 <\/b> l'Edit de Louis XIV du 13 ao\u00fbt 1669 est \u00e9galement applicable sur les cours d'eau <b>non navigables et non flottables<\/b> .<\/p>\t\t\t\t<\/div>\n\t\t\t\t<\/div>\n\t\t\t\t\t<\/div>\n\t\t<\/div>\n\t\t\t\t\t<\/div>\n\t\t<\/section>\n\t\t\t\t<section class=\"elementor-section elementor-top-section elementor-element elementor-element-0ab0805 elementor-section-boxed elementor-section-height-default elementor-section-height-default\" data-id=\"0ab0805\" data-element_type=\"section\" data-settings=\"{&quot;background_background&quot;:&quot;classic&quot;}\">\n\t\t\t\t\t\t<div class=\"elementor-container elementor-column-gap-default\">\n\t\t\t\t\t<div class=\"elementor-column elementor-col-100 elementor-top-column elementor-element elementor-element-9ceda97\" data-id=\"9ceda97\" data-element_type=\"column\">\n\t\t\t<div class=\"elementor-widget-wrap elementor-element-populated\">\n\t\t\t\t\t\t<div class=\"elementor-element elementor-element-80d3dc2 elementor-widget elementor-widget-heading\" data-id=\"80d3dc2\" data-element_type=\"widget\" data-widget_type=\"heading.default\">\n\t\t\t\t<div class=\"elementor-widget-container\">\n\t\t\t\t\t<h3 class=\"elementor-heading-title elementor-size-default\">La consistance l\u00e9gale<\/h3>\t\t\t\t<\/div>\n\t\t\t\t<\/div>\n\t\t\t\t\t<\/div>\n\t\t<\/div>\n\t\t\t\t\t<\/div>\n\t\t<\/section>\n\t\t\t\t<section class=\"elementor-section elementor-top-section elementor-element elementor-element-1d89ca5 elementor-section-boxed elementor-section-height-default elementor-section-height-default\" data-id=\"1d89ca5\" data-element_type=\"section\" data-settings=\"{&quot;background_background&quot;:&quot;classic&quot;}\">\n\t\t\t\t\t\t<div class=\"elementor-container elementor-column-gap-default\">\n\t\t\t\t\t<div class=\"elementor-column elementor-col-100 elementor-top-column elementor-element elementor-element-8f19e95\" data-id=\"8f19e95\" data-element_type=\"column\">\n\t\t\t<div class=\"elementor-widget-wrap elementor-element-populated\">\n\t\t\t\t\t\t<div class=\"elementor-element elementor-element-fd7a9ed elementor-widget elementor-widget-heading\" data-id=\"fd7a9ed\" data-element_type=\"widget\" data-widget_type=\"heading.default\">\n\t\t\t\t<div class=\"elementor-widget-container\">\n\t\t\t\t\t<p class=\"elementor-heading-title elementor-size-medium\">Le droit est attach\u00e9 \u00e0 la prise d\u2019eau du moulin et \u00e0 l\u2019utilisation de la force hydraulique. C\u2019est ce que le juriste appelle l\u2019existence l\u00e9gale du moulin fond\u00e9 en titre. Il s\u2019agit d\u2019un r\u00e9gime juridique prot\u00e9g\u00e9 : l\u2019usine fond\u00e9e en titre peut utiliser l\u2019\u00e9nergie hydraulique sans \u00abautorisation\u00bb, dans la limite de la puissance r\u00e9sultant de sa consistance l\u00e9gale. En cas de litiges, la preuve de modifications pass\u00e9es ayant entra\u00een\u00e9 une \u00e9ventuelle augmentation de puissance est \u00e0 la charge de l\u2019administration, la consistance l\u00e9gale telle qu\u2019elle existait avant les modifications demeurant prot\u00e9g\u00e9e. Elle s\u2019appr\u00e9cie en fonction de la hauteur de chute et donc de la hauteur du seuil. <\/p>\t\t\t\t<\/div>\n\t\t\t\t<\/div>\n\t\t\t\t\t<\/div>\n\t\t<\/div>\n\t\t\t\t\t<\/div>\n\t\t<\/section>\n\t\t\t\t<section class=\"elementor-section elementor-top-section elementor-element elementor-element-96cc4c8 elementor-section-boxed elementor-section-height-default elementor-section-height-default\" data-id=\"96cc4c8\" data-element_type=\"section\" data-settings=\"{&quot;background_background&quot;:&quot;classic&quot;}\">\n\t\t\t\t\t\t<div class=\"elementor-container elementor-column-gap-default\">\n\t\t\t\t\t<div class=\"elementor-column elementor-col-100 elementor-top-column elementor-element elementor-element-329a933\" data-id=\"329a933\" data-element_type=\"column\">\n\t\t\t<div class=\"elementor-widget-wrap elementor-element-populated\">\n\t\t\t\t\t\t<div class=\"elementor-element elementor-element-19ff437 elementor-widget elementor-widget-heading\" data-id=\"19ff437\" data-element_type=\"widget\" data-widget_type=\"heading.default\">\n\t\t\t\t<div class=\"elementor-widget-container\">\n\t\t\t\t\t<p class=\"elementor-heading-title elementor-size-medium\">Quant \u00e0 la jurisprudence, la p\u00e9rennit\u00e9 des droits fond\u00e9s en titre y est affirm\u00e9e de mani\u00e8re constante. Le droit fond\u00e9 en titre consiste \u00e0 avoir le droit de barrer un cours d\u2019eau pour provoquer une \u00e9l\u00e9vation artificielle du niveau de l\u2019eau qui, utilis\u00e9e judicieusement de par la gravit\u00e9, produit une \u00e9nergie pr\u00e9cieuse. Ce droit consiste entre autres \u00e0 pouvoir r\u00e9parer ou entretenir les vannes, r\u00e9parer le barrage et man\u0153uvrer les vannes pour les besoins de l\u2019exploitation du moulin ou de l\u2019usine. \n<\/p>\t\t\t\t<\/div>\n\t\t\t\t<\/div>\n\t\t\t\t\t<\/div>\n\t\t<\/div>\n\t\t\t\t\t<\/div>\n\t\t<\/section>\n\t\t\t\t<section class=\"elementor-section elementor-top-section elementor-element elementor-element-47c38e6 elementor-section-boxed elementor-section-height-default elementor-section-height-default\" data-id=\"47c38e6\" data-element_type=\"section\" data-settings=\"{&quot;background_background&quot;:&quot;classic&quot;}\">\n\t\t\t\t\t\t<div class=\"elementor-container elementor-column-gap-default\">\n\t\t\t\t\t<div class=\"elementor-column elementor-col-100 elementor-top-column elementor-element elementor-element-a46d6a2\" data-id=\"a46d6a2\" data-element_type=\"column\">\n\t\t\t<div class=\"elementor-widget-wrap elementor-element-populated\">\n\t\t\t\t\t\t<div class=\"elementor-element elementor-element-e6919a0 elementor-widget elementor-widget-heading\" data-id=\"e6919a0\" data-element_type=\"widget\" data-widget_type=\"heading.default\">\n\t\t\t\t<div class=\"elementor-widget-container\">\n\t\t\t\t\t<h3 class=\"elementor-heading-title elementor-size-default\">Le droit d\u2019eau fond\u00e9 en titre<\/h3>\t\t\t\t<\/div>\n\t\t\t\t<\/div>\n\t\t\t\t\t<\/div>\n\t\t<\/div>\n\t\t\t\t\t<\/div>\n\t\t<\/section>\n\t\t\t\t<section class=\"elementor-section elementor-top-section elementor-element elementor-element-2ac0f1a elementor-section-boxed elementor-section-height-default elementor-section-height-default\" data-id=\"2ac0f1a\" data-element_type=\"section\" data-settings=\"{&quot;background_background&quot;:&quot;classic&quot;}\">\n\t\t\t\t\t\t<div class=\"elementor-container elementor-column-gap-default\">\n\t\t\t\t\t<div class=\"elementor-column elementor-col-50 elementor-top-column elementor-element elementor-element-abbdad9\" data-id=\"abbdad9\" data-element_type=\"column\">\n\t\t\t<div class=\"elementor-widget-wrap elementor-element-populated\">\n\t\t\t\t\t\t<div class=\"elementor-element elementor-element-97f7099 elementor-widget elementor-widget-image\" data-id=\"97f7099\" data-element_type=\"widget\" data-widget_type=\"image.default\">\n\t\t\t\t<div class=\"elementor-widget-container\">\n\t\t\t\t\t\t\t\t\t\t\t\t<figure class=\"wp-caption\">\n\t\t\t\t\t\t\t\t\t\t<img decoding=\"async\" width=\"723\" height=\"890\" src=\"https:\/\/millen.lu\/wp-content\/uploads\/2021\/04\/Act-dacqusition-de-1883.jpg\" class=\"attachment-large size-large wp-image-1412\" alt=\"\" srcset=\"https:\/\/millen.lu\/wp-content\/uploads\/2021\/04\/Act-dacqusition-de-1883.jpg 723w, https:\/\/millen.lu\/wp-content\/uploads\/2021\/04\/Act-dacqusition-de-1883-244x300.jpg 244w, https:\/\/millen.lu\/wp-content\/uploads\/2021\/04\/Act-dacqusition-de-1883-10x12.jpg 10w\" sizes=\"(max-width: 723px) 100vw, 723px\" \/>\t\t\t\t\t\t\t\t\t\t\t<figcaption class=\"widget-image-caption wp-caption-text\"><\/figcaption>\n\t\t\t\t\t\t\t\t\t\t<\/figure>\n\t\t\t\t\t\t\t\t\t<\/div>\n\t\t\t\t<\/div>\n\t\t\t\t\t<\/div>\n\t\t<\/div>\n\t\t\t\t<div class=\"elementor-column elementor-col-50 elementor-top-column elementor-element elementor-element-f54cf8e\" data-id=\"f54cf8e\" data-element_type=\"column\">\n\t\t\t<div class=\"elementor-widget-wrap elementor-element-populated\">\n\t\t\t\t\t\t<div class=\"elementor-element elementor-element-7854e49 elementor-widget elementor-widget-heading\" data-id=\"7854e49\" data-element_type=\"widget\" data-widget_type=\"heading.default\">\n\t\t\t\t<div class=\"elementor-widget-container\">\n\t\t\t\t\t<p class=\"elementor-heading-title elementor-size-medium\">Les moulins sur des cours d\u2019eau non domaniaux, seront consid\u00e9r\u00e9s comme fond\u00e9e en titre, si le moulin a \u00e9t\u00e9 \u00e9tabli avant l\u2019abolition du r\u00e9gime f\u00e9odal le 4 ao\u00fbt 1789 et plus sp\u00e9cialement avant la loi du 20 ao\u00fbt 1790 qui pla\u00e7ait les petits cours d\u2019eau sous l\u2019autorit\u00e9 r\u00e9glementaire. En effet, sous l\u2019ancien r\u00e9gime la jouissance ou l\u2019usage des rivi\u00e8res non navigables ni flottables appartenait aux seigneurs f\u00e9odaux, ces derniers pouvant m\u00eame les conc\u00e9der \u00e0 des tiers sous la forme de contrats d\u2019albergements. Or, l\u2019abolition du r\u00e9gime f\u00e9odal n\u2019a pas affect\u00e9 les droits exerc\u00e9s ou consentis par les seigneurs en la mati\u00e8re et lesdits droits ont surv\u00e9cu \u00e0 l\u2019ancien r\u00e9gime pour recevoir la qualit\u00e9 de droits fond\u00e9s en titre.<\/p>\t\t\t\t<\/div>\n\t\t\t\t<\/div>\n\t\t\t\t<div class=\"elementor-element elementor-element-215b2ae elementor-widget elementor-widget-heading\" data-id=\"215b2ae\" data-element_type=\"widget\" data-widget_type=\"heading.default\">\n\t\t\t\t<div class=\"elementor-widget-container\">\n\t\t\t\t\t<p class=\"elementor-heading-title elementor-size-medium\">Les droits de prise d\u2019eau des moulins fond\u00e9s en titre se pr\u00e9sentent donc comme autant de br\u00e8ches ouvertes dans le droit commun de l\u2019utilisation de la force hydraulique. C\u2019est ainsi que les articles 644 et 645 reconnaissent la sp\u00e9cificit\u00e9 des droits fond\u00e9s en titre. Il en r\u00e9sulte, \u00e0 titre principal, que les titulaires de ces droits sont dispens\u00e9s de solliciter aupr\u00e8s de l\u2019administration l\u2019autorisation d\u2019\u00e9tablir une prise d\u2019eau aux fins d\u2019utiliser la force hydraulique.<\/p>\t\t\t\t<\/div>\n\t\t\t\t<\/div>\n\t\t\t\t<div class=\"elementor-element elementor-element-8993818 elementor-widget elementor-widget-heading\" data-id=\"8993818\" data-element_type=\"widget\" data-widget_type=\"heading.default\">\n\t\t\t\t<div class=\"elementor-widget-container\">\n\t\t\t\t\t<p class=\"elementor-heading-title elementor-size-medium\">Les droits fond\u00e9s en titre sont \u00e0 qualifier de droits r\u00e9els administratifs et constitue un droit opposable \u00e0 l\u2019administration dot\u00e9 d\u2019une valeur patrimoniale, transmissible \u00e0 titre on\u00e9reux et susceptible d\u2019\u00eatre vendu ou transmis par voie successorale. Les droits fond\u00e9s en titre sont, de mani\u00e8re plus classique, appr\u00e9hend\u00e9s comme des droits r\u00e9els immobiliers tant par le juge administratif que par son homologue judiciaire.<\/p>\t\t\t\t<\/div>\n\t\t\t\t<\/div>\n\t\t\t\t<div class=\"elementor-element elementor-element-5663e36 elementor-widget elementor-widget-heading\" data-id=\"5663e36\" data-element_type=\"widget\" data-widget_type=\"heading.default\">\n\t\t\t\t<div class=\"elementor-widget-container\">\n\t\t\t\t\t<p class=\"elementor-heading-title elementor-size-medium\">1924 la cour de cassation luxembourgeoise retient que: <\/p>\t\t\t\t<\/div>\n\t\t\t\t<\/div>\n\t\t\t\t<div class=\"elementor-element elementor-element-98cea8c elementor-widget elementor-widget-heading\" data-id=\"98cea8c\" data-element_type=\"widget\" data-widget_type=\"heading.default\">\n\t\t\t\t<div class=\"elementor-widget-container\">\n\t\t\t\t\t<p class=\"elementor-heading-title elementor-size-medium\"><b>Le droit du riverain d\u2019une eau ni navigable ni flottable lui consenti \u00e0 titre irr\u00e9vocable par les seigneurs f\u00e9odaux doit \u00eatre respect\u00e9 en vertu de la non-r\u00e9troactivit\u00e9 des lois.<\/b>  Cass. 10 f\u00e9vrier 1925, 11, 568.<\/p>\t\t\t\t<\/div>\n\t\t\t\t<\/div>\n\t\t\t\t\t<\/div>\n\t\t<\/div>\n\t\t\t\t\t<\/div>\n\t\t<\/section>\n\t\t\t\t<section class=\"elementor-section elementor-top-section elementor-element elementor-element-f8cc86a elementor-section-boxed elementor-section-height-default elementor-section-height-default\" data-id=\"f8cc86a\" data-element_type=\"section\" data-settings=\"{&quot;background_background&quot;:&quot;classic&quot;}\">\n\t\t\t\t\t\t<div class=\"elementor-container elementor-column-gap-default\">\n\t\t\t\t\t<div class=\"elementor-column elementor-col-100 elementor-top-column elementor-element elementor-element-be93b11\" data-id=\"be93b11\" data-element_type=\"column\">\n\t\t\t<div class=\"elementor-widget-wrap elementor-element-populated\">\n\t\t\t\t\t\t\t<\/div>\n\t\t<\/div>\n\t\t\t\t\t<\/div>\n\t\t<\/section>\n\t\t\t\t<section class=\"elementor-section elementor-top-section elementor-element elementor-element-2f607ee elementor-section-boxed elementor-section-height-default elementor-section-height-default\" data-id=\"2f607ee\" data-element_type=\"section\" data-settings=\"{&quot;background_background&quot;:&quot;classic&quot;}\">\n\t\t\t\t\t\t<div class=\"elementor-container elementor-column-gap-default\">\n\t\t\t\t\t<div class=\"elementor-column elementor-col-100 elementor-top-column elementor-element elementor-element-18ce840\" data-id=\"18ce840\" data-element_type=\"column\">\n\t\t\t<div class=\"elementor-widget-wrap elementor-element-populated\">\n\t\t\t\t\t\t\t<\/div>\n\t\t<\/div>\n\t\t\t\t\t<\/div>\n\t\t<\/section>\n\t\t\t\t<\/div>","protected":false},"excerpt":{"rendered":"<p>Le droit d&rsquo;eau Le droit d&rsquo;eau et les actes relevants Carte Ferraris de Surr\u00e9 Au Moyen-\u00e2ge, il n\u2019\u00e9tait probablement venu \u00e0 l\u2019id\u00e9e de personne que les droits donn\u00e9s pour l\u2019utilisation de l\u2019eau pourraient \u00eatre \u00e0 dur\u00e9e limit\u00e9e. Ils ne l\u2019ont donc pas \u00e9t\u00e9. Il en d\u00e9coule aujourd\u2019hui que les ouvrages fond\u00e9s en titre sont consid\u00e9r\u00e9s [&hellip;]<\/p>","protected":false},"author":1,"featured_media":0,"parent":0,"menu_order":0,"comment_status":"closed","ping_status":"closed","template":"","meta":{"site-sidebar-layout":"no-sidebar","site-content-layout":"page-builder","ast-site-content-layout":"default","site-content-style":"default","site-sidebar-style":"default","ast-global-header-display":"","ast-banner-title-visibility":"","ast-main-header-display":"","ast-hfb-above-header-display":"","ast-hfb-below-header-display":"","ast-hfb-mobile-header-display":"","site-post-title":"disabled","ast-breadcrumbs-content":"","ast-featured-img":"disabled","footer-sml-layout":"","theme-transparent-header-meta":"default","adv-header-id-meta":"","stick-header-meta":"","header-above-stick-meta":"","header-main-stick-meta":"","header-below-stick-meta":"","astra-migrate-meta-layouts":"default","ast-page-background-enabled":"default","ast-page-background-meta":{"desktop":{"background-color":"","background-image":"","background-repeat":"repeat","background-position":"center center","background-size":"auto","background-attachment":"scroll","background-type":"","background-media":"","overlay-type":"","overlay-color":"","overlay-opacity":"","overlay-gradient":""},"tablet":{"background-color":"","background-image":"","background-repeat":"repeat","background-position":"center center","background-size":"auto","background-attachment":"scroll","background-type":"","background-media":"","overlay-type":"","overlay-color":"","overlay-opacity":"","overlay-gradient":""},"mobile":{"background-color":"","background-image":"","background-repeat":"repeat","background-position":"center center","background-size":"auto","background-attachment":"scroll","background-type":"","background-media":"","overlay-type":"","overlay-color":"","overlay-opacity":"","overlay-gradient":""}},"ast-content-background-meta":{"desktop":{"background-color":"var(--ast-global-color-5)","background-image":"","background-repeat":"repeat","background-position":"center center","background-size":"auto","background-attachment":"scroll","background-type":"","background-media":"","overlay-type":"","overlay-color":"","overlay-opacity":"","overlay-gradient":""},"tablet":{"background-color":"var(--ast-global-color-5)","background-image":"","background-repeat":"repeat","background-position":"center center","background-size":"auto","background-attachment":"scroll","background-type":"","background-media":"","overlay-type":"","overlay-color":"","overlay-opacity":"","overlay-gradient":""},"mobile":{"background-color":"var(--ast-global-color-5)","background-image":"","background-repeat":"repeat","background-position":"center center","background-size":"auto","background-attachment":"scroll","background-type":"","background-media":"","overlay-type":"","overlay-color":"","overlay-opacity":"","overlay-gradient":""}},"footnotes":""},"class_list":["post-782","page","type-page","status-publish","hentry"],"_links":{"self":[{"href":"https:\/\/millen.lu\/en_gb\/wp-json\/wp\/v2\/pages\/782","targetHints":{"allow":["GET"]}}],"collection":[{"href":"https:\/\/millen.lu\/en_gb\/wp-json\/wp\/v2\/pages"}],"about":[{"href":"https:\/\/millen.lu\/en_gb\/wp-json\/wp\/v2\/types\/page"}],"author":[{"embeddable":true,"href":"https:\/\/millen.lu\/en_gb\/wp-json\/wp\/v2\/users\/1"}],"replies":[{"embeddable":true,"href":"https:\/\/millen.lu\/en_gb\/wp-json\/wp\/v2\/comments?post=782"}],"version-history":[{"count":39,"href":"https:\/\/millen.lu\/en_gb\/wp-json\/wp\/v2\/pages\/782\/revisions"}],"predecessor-version":[{"id":8969,"href":"https:\/\/millen.lu\/en_gb\/wp-json\/wp\/v2\/pages\/782\/revisions\/8969"}],"wp:attachment":[{"href":"https:\/\/millen.lu\/en_gb\/wp-json\/wp\/v2\/media?parent=782"}],"curies":[{"name":"wp","href":"https:\/\/api.w.org\/{rel}","templated":true}]}}