{"id":1150,"date":"2021-04-25T19:31:14","date_gmt":"2021-04-25T19:31:14","guid":{"rendered":"https:\/\/millen.lu\/?page_id=1150"},"modified":"2021-06-11T16:55:39","modified_gmt":"2021-06-11T14:55:39","slug":"turbine-historique","status":"publish","type":"page","link":"https:\/\/millen.lu\/en_gb\/turbine-historique\/","title":{"rendered":"Turbine historique"},"content":{"rendered":"<div data-elementor-type=\"wp-page\" data-elementor-id=\"1150\" class=\"elementor elementor-1150\">\n\t\t\t\t\t\t<section class=\"elementor-section elementor-top-section elementor-element elementor-element-7e7bde80 elementor-section-boxed elementor-section-height-default elementor-section-height-default\" data-id=\"7e7bde80\" data-element_type=\"section\" data-settings=\"{&quot;background_background&quot;:&quot;classic&quot;}\">\n\t\t\t\t\t\t<div class=\"elementor-container elementor-column-gap-default\">\n\t\t\t\t\t<div class=\"elementor-column elementor-col-100 elementor-top-column elementor-element elementor-element-583689e0\" data-id=\"583689e0\" data-element_type=\"column\">\n\t\t\t<div class=\"elementor-widget-wrap elementor-element-populated\">\n\t\t\t\t\t\t<section class=\"elementor-section elementor-inner-section elementor-element elementor-element-491284b7 elementor-section-boxed elementor-section-height-default elementor-section-height-default\" data-id=\"491284b7\" data-element_type=\"section\">\n\t\t\t\t\t\t<div class=\"elementor-container elementor-column-gap-default\">\n\t\t\t\t\t<div class=\"elementor-column elementor-col-50 elementor-inner-column elementor-element elementor-element-3370c08d\" data-id=\"3370c08d\" data-element_type=\"column\">\n\t\t\t<div class=\"elementor-widget-wrap elementor-element-populated\">\n\t\t\t\t\t\t<div class=\"elementor-element elementor-element-613fcf5f elementor-widget elementor-widget-heading\" data-id=\"613fcf5f\" data-element_type=\"widget\" data-widget_type=\"heading.default\">\n\t\t\t\t<div class=\"elementor-widget-container\">\n\t\t\t\t\t<h6 class=\"elementor-heading-title elementor-size-default\">Turbine historique<\/h6>\t\t\t\t<\/div>\n\t\t\t\t<\/div>\n\t\t\t\t\t<\/div>\n\t\t<\/div>\n\t\t\t\t<div class=\"elementor-column elementor-col-50 elementor-inner-column elementor-element elementor-element-1230771c\" data-id=\"1230771c\" data-element_type=\"column\">\n\t\t\t<div class=\"elementor-widget-wrap elementor-element-populated\">\n\t\t\t\t\t\t<div class=\"elementor-element elementor-element-410efaef elementor-widget-divider--view-line elementor-widget elementor-widget-divider\" data-id=\"410efaef\" data-element_type=\"widget\" data-widget_type=\"divider.default\">\n\t\t\t\t<div class=\"elementor-widget-container\">\n\t\t\t\t\t\t\t<div class=\"elementor-divider\">\n\t\t\t<span class=\"elementor-divider-separator\">\n\t\t\t\t\t\t<\/span>\n\t\t<\/div>\n\t\t\t\t\t\t<\/div>\n\t\t\t\t<\/div>\n\t\t\t\t\t<\/div>\n\t\t<\/div>\n\t\t\t\t\t<\/div>\n\t\t<\/section>\n\t\t\t\t<div class=\"elementor-element elementor-element-19ef1238 elementor-widget elementor-widget-heading\" data-id=\"19ef1238\" data-element_type=\"widget\" data-widget_type=\"heading.default\">\n\t\t\t\t<div class=\"elementor-widget-container\">\n\t\t\t\t\t<h4 class=\"elementor-heading-title elementor-size-default\">Le moulin de Surr\u00e9 est \u00e9quip\u00e9 d'une turbine de type Francis construite en 1938<\/h4>\t\t\t\t<\/div>\n\t\t\t\t<\/div>\n\t\t\t\t<div class=\"elementor-element elementor-element-4b5299e9 elementor-widget-divider--view-line elementor-widget elementor-widget-divider\" data-id=\"4b5299e9\" data-element_type=\"widget\" data-widget_type=\"divider.default\">\n\t\t\t\t<div class=\"elementor-widget-container\">\n\t\t\t\t\t\t\t<div class=\"elementor-divider\">\n\t\t\t<span class=\"elementor-divider-separator\">\n\t\t\t\t\t\t<\/span>\n\t\t<\/div>\n\t\t\t\t\t\t<\/div>\n\t\t\t\t<\/div>\n\t\t\t\t\t<\/div>\n\t\t<\/div>\n\t\t\t\t\t<\/div>\n\t\t<\/section>\n\t\t\t\t<section class=\"elementor-section elementor-top-section elementor-element elementor-element-22daf03 elementor-section-boxed elementor-section-height-default elementor-section-height-default\" data-id=\"22daf03\" data-element_type=\"section\" data-settings=\"{&quot;background_background&quot;:&quot;classic&quot;}\">\n\t\t\t\t\t\t<div class=\"elementor-container elementor-column-gap-default\">\n\t\t\t\t\t<div class=\"elementor-column elementor-col-50 elementor-top-column elementor-element elementor-element-5a0d2f6\" data-id=\"5a0d2f6\" data-element_type=\"column\">\n\t\t\t<div class=\"elementor-widget-wrap elementor-element-populated\">\n\t\t\t\t\t\t<div class=\"elementor-element elementor-element-5829e04 elementor-widget elementor-widget-image\" data-id=\"5829e04\" data-element_type=\"widget\" data-widget_type=\"image.default\">\n\t\t\t\t<div class=\"elementor-widget-container\">\n\t\t\t\t\t\t\t\t\t\t\t\t<figure class=\"wp-caption\">\n\t\t\t\t\t\t\t\t\t\t<img fetchpriority=\"high\" decoding=\"async\" width=\"411\" height=\"607\" src=\"https:\/\/millen.lu\/wp-content\/uploads\/2021\/04\/Turbinn-rezeiced.jpg\" class=\"attachment-large size-large wp-image-1012\" alt=\"\" srcset=\"https:\/\/millen.lu\/wp-content\/uploads\/2021\/04\/Turbinn-rezeiced.jpg 411w, https:\/\/millen.lu\/wp-content\/uploads\/2021\/04\/Turbinn-rezeiced-203x300.jpg 203w, https:\/\/millen.lu\/wp-content\/uploads\/2021\/04\/Turbinn-rezeiced-8x12.jpg 8w\" sizes=\"(max-width: 411px) 100vw, 411px\" \/>\t\t\t\t\t\t\t\t\t\t\t<figcaption class=\"widget-image-caption wp-caption-text\">Turbine historique de type Francis<\/figcaption>\n\t\t\t\t\t\t\t\t\t\t<\/figure>\n\t\t\t\t\t\t\t\t\t<\/div>\n\t\t\t\t<\/div>\n\t\t\t\t\t<\/div>\n\t\t<\/div>\n\t\t\t\t<div class=\"elementor-column elementor-col-50 elementor-top-column elementor-element elementor-element-249c34b\" data-id=\"249c34b\" data-element_type=\"column\">\n\t\t\t<div class=\"elementor-widget-wrap elementor-element-populated\">\n\t\t\t\t\t\t<div class=\"elementor-element elementor-element-5a145cd elementor-widget elementor-widget-heading\" data-id=\"5a145cd\" data-element_type=\"widget\" data-widget_type=\"heading.default\">\n\t\t\t\t<div class=\"elementor-widget-container\">\n\t\t\t\t\t<p class=\"elementor-heading-title elementor-size-medium\">Une b\u00e2che spirale re\u00e7oit l\u2019eau sous pression de la conduite forc\u00e9e et la distribue vers l\u2019int\u00e9rieur de l\u2019anneau qu\u2019elle forme. Sa tenue m\u00e9canique est assur\u00e9e par un cercle d\u2019entretoises profil\u00e9es. Le distributeur est plac\u00e9 au milieu de l\u2019anneau de la b\u00e2che spirale. <\/p>\t\t\t\t<\/div>\n\t\t\t\t<\/div>\n\t\t\t\t<div class=\"elementor-element elementor-element-974ff27 elementor-widget elementor-widget-heading\" data-id=\"974ff27\" data-element_type=\"widget\" data-widget_type=\"heading.default\">\n\t\t\t\t<div class=\"elementor-widget-container\">\n\t\t\t\t\t<p class=\"elementor-heading-title elementor-size-medium\">Les aubes orientables, plac\u00e9es dans le prolongement des entretoises, permettent d\u2019ajuster le d\u00e9bit turbin\u00e9. Une roue \u00e0 admission radiale centrip\u00e8te, \u00e0 sortie axiale forme le c\u0153ur de la turbine. C\u2019est la seule pi\u00e8ce tournante. Elle compte dix aubes non orientables, de g\u00e9om\u00e9trie tridimensionnelle non d\u00e9veloppable. Les aubes de la roue re\u00e7oivent l\u2019\u00e9coulement en rotation \u00e0 la sortie du distributeur et le d\u00e9vient pour ne lui laisser qu\u2019une rotation minime. <\/p>\t\t\t\t<\/div>\n\t\t\t\t<\/div>\n\t\t\t\t<div class=\"elementor-element elementor-element-62d45d3 elementor-widget elementor-widget-heading\" data-id=\"62d45d3\" data-element_type=\"widget\" data-widget_type=\"heading.default\">\n\t\t\t\t<div class=\"elementor-widget-container\">\n\t\t\t\t\t<p class=\"elementor-heading-title elementor-size-medium\">Le diffuseur re\u00e7oit l\u2019eau \u00e0 la sortie de la roue et la conduit \u00e0 la sortie de la turbine. Comme son nom l\u2019indique, il permet d\u2019abaisser la pression en sortie de roue, sous l\u2019effet du d\u00e9noyage de la machine gr\u00e2ce \u00e0 l\u2019\u00e9nergie potentielle \u00e0 une augmentation progressive de sa section de passage cr\u00e9ant une aspiration.<\/p>\t\t\t\t<\/div>\n\t\t\t\t<\/div>\n\t\t\t\t<div class=\"elementor-element elementor-element-d94590e elementor-widget elementor-widget-heading\" data-id=\"d94590e\" data-element_type=\"widget\" data-widget_type=\"heading.default\">\n\t\t\t\t<div class=\"elementor-widget-container\">\n\t\t\t\t\t<p class=\"elementor-heading-title elementor-size-medium\">Apr\u00e8s avoir agi dans le couloir sous la forme d'une tasse de caf\u00e9, l'eau\nsort avec l'\u00e9nergie cin\u00e9tique et avec l'\u00e9nergie potentielle minimis\u00e9e et le tourbillon dispara\u00eet \u00e9galement. A la sortie de la turbine hydraulique, un tube d'aspiration form\u00e9 en relation avec la r\u00e9duction de la vitesse de l'eau et la restauration de l'\u00e9nergie cin\u00e9tique est connect\u00e9.. <\/p>\t\t\t\t<\/div>\n\t\t\t\t<\/div>\n\t\t\t\t<div class=\"elementor-element elementor-element-cff7cc2 elementor-widget elementor-widget-heading\" data-id=\"cff7cc2\" data-element_type=\"widget\" data-widget_type=\"heading.default\">\n\t\t\t\t<div class=\"elementor-widget-container\">\n\t\t\t\t\t<p class=\"elementor-heading-title elementor-size-medium\">Le fonctionnement de la turbine est donc bas\u00e9 sur la diff\u00e9rence de pression qui est proportionnelle \u00e0 la diff\u00e9rence de la hauteur. <\/p>\t\t\t\t<\/div>\n\t\t\t\t<\/div>\n\t\t\t\t\t<\/div>\n\t\t<\/div>\n\t\t\t\t\t<\/div>\n\t\t<\/section>\n\t\t\t\t<section class=\"elementor-section elementor-top-section elementor-element elementor-element-06d4365 elementor-section-boxed elementor-section-height-default elementor-section-height-default\" data-id=\"06d4365\" data-element_type=\"section\" data-settings=\"{&quot;background_background&quot;:&quot;classic&quot;}\">\n\t\t\t\t\t\t<div class=\"elementor-container elementor-column-gap-default\">\n\t\t\t\t\t<div class=\"elementor-column elementor-col-50 elementor-top-column elementor-element elementor-element-f21fb4f\" data-id=\"f21fb4f\" data-element_type=\"column\">\n\t\t\t<div class=\"elementor-widget-wrap elementor-element-populated\">\n\t\t\t\t\t\t<div class=\"elementor-element elementor-element-7d1dc99 elementor-widget elementor-widget-image\" data-id=\"7d1dc99\" data-element_type=\"widget\" data-widget_type=\"image.default\">\n\t\t\t\t<div class=\"elementor-widget-container\">\n\t\t\t\t\t\t\t\t\t\t\t\t<figure class=\"wp-caption\">\n\t\t\t\t\t\t\t\t\t\t\t<a href=\"https:\/\/millen.lu\/wp-content\/uploads\/2021\/04\/12835-Voith-Turbine.pdf\">\n\t\t\t\t\t\t\t<img decoding=\"async\" src=\"https:\/\/millen.lu\/wp-content\/uploads\/elementor\/thumbs\/numero-de-serie-turbine-p8llvm2yrrmq0h60oitt1mg86tv7gie0fh4k0fjoo0.jpg\" title=\"num\u00e9ro de s\u00e9rie turbine\" alt=\"Turbine N\u00b0 12835 construite en 1938\" loading=\"lazy\" \/>\t\t\t\t\t\t\t\t<\/a>\n\t\t\t\t\t\t\t\t\t\t\t<figcaption class=\"widget-image-caption wp-caption-text\">Turbine N\u00b0 12835 construite en 1938 <\/figcaption>\n\t\t\t\t\t\t\t\t\t\t<\/figure>\n\t\t\t\t\t\t\t\t\t<\/div>\n\t\t\t\t<\/div>\n\t\t\t\t\t<\/div>\n\t\t<\/div>\n\t\t\t\t<div class=\"elementor-column elementor-col-50 elementor-top-column elementor-element elementor-element-ee35623\" data-id=\"ee35623\" data-element_type=\"column\">\n\t\t\t<div class=\"elementor-widget-wrap elementor-element-populated\">\n\t\t\t\t\t\t<div class=\"elementor-element elementor-element-f08dddb elementor-widget elementor-widget-image\" data-id=\"f08dddb\" data-element_type=\"widget\" data-widget_type=\"image.default\">\n\t\t\t\t<div class=\"elementor-widget-container\">\n\t\t\t\t\t\t\t\t\t\t\t\t<figure class=\"wp-caption\">\n\t\t\t\t\t\t\t\t\t\t\t<a href=\"https:\/\/millen.lu\/wp-content\/uploads\/2021\/04\/12835-Voith-Turbine.pdf\">\n\t\t\t\t\t\t\t<img decoding=\"async\" width=\"1006\" height=\"695\" src=\"https:\/\/millen.lu\/wp-content\/uploads\/2021\/04\/Bild-Turbinendaten.jpg\" class=\"attachment-large size-large wp-image-1221\" alt=\"\" srcset=\"https:\/\/millen.lu\/wp-content\/uploads\/2021\/04\/Bild-Turbinendaten.jpg 1006w, https:\/\/millen.lu\/wp-content\/uploads\/2021\/04\/Bild-Turbinendaten-300x207.jpg 300w, https:\/\/millen.lu\/wp-content\/uploads\/2021\/04\/Bild-Turbinendaten-768x531.jpg 768w, https:\/\/millen.lu\/wp-content\/uploads\/2021\/04\/Bild-Turbinendaten-16x12.jpg 16w\" sizes=\"(max-width: 1006px) 100vw, 1006px\" \/>\t\t\t\t\t\t\t\t<\/a>\n\t\t\t\t\t\t\t\t\t\t\t<figcaption class=\"widget-image-caption wp-caption-text\">Donn\u00e9es de la turbine install\u00e9e<\/figcaption>\n\t\t\t\t\t\t\t\t\t\t<\/figure>\n\t\t\t\t\t\t\t\t\t<\/div>\n\t\t\t\t<\/div>\n\t\t\t\t\t<\/div>\n\t\t<\/div>\n\t\t\t\t\t<\/div>\n\t\t<\/section>\n\t\t\t\t<section class=\"elementor-section elementor-top-section elementor-element elementor-element-02b72a9 elementor-section-boxed elementor-section-height-default elementor-section-height-default\" data-id=\"02b72a9\" data-element_type=\"section\" data-settings=\"{&quot;background_background&quot;:&quot;classic&quot;}\">\n\t\t\t\t\t\t<div class=\"elementor-container elementor-column-gap-default\">\n\t\t\t\t\t<div class=\"elementor-column elementor-col-50 elementor-top-column elementor-element elementor-element-31945d8\" data-id=\"31945d8\" data-element_type=\"column\">\n\t\t\t<div class=\"elementor-widget-wrap elementor-element-populated\">\n\t\t\t\t\t\t<div class=\"elementor-element elementor-element-5ebecb6 elementor-widget elementor-widget-image\" data-id=\"5ebecb6\" data-element_type=\"widget\" data-widget_type=\"image.default\">\n\t\t\t\t<div class=\"elementor-widget-container\">\n\t\t\t\t\t\t\t\t\t\t\t\t<figure class=\"wp-caption\">\n\t\t\t\t\t\t\t\t\t\t<img decoding=\"async\" width=\"433\" height=\"577\" src=\"https:\/\/millen.lu\/wp-content\/uploads\/2021\/04\/Saugrohr-der-historischen-Franzis-Turbine-reduced-rotated.jpg\" class=\"attachment-large size-large wp-image-1009\" alt=\"\" srcset=\"https:\/\/millen.lu\/wp-content\/uploads\/2021\/04\/Saugrohr-der-historischen-Franzis-Turbine-reduced-rotated.jpg 433w, https:\/\/millen.lu\/wp-content\/uploads\/2021\/04\/Saugrohr-der-historischen-Franzis-Turbine-reduced-225x300.jpg 225w, https:\/\/millen.lu\/wp-content\/uploads\/2021\/04\/Saugrohr-der-historischen-Franzis-Turbine-reduced-9x12.jpg 9w\" sizes=\"(max-width: 433px) 100vw, 433px\" \/>\t\t\t\t\t\t\t\t\t\t\t<figcaption class=\"widget-image-caption wp-caption-text\">Conduite de pression et conduite d'aspiration (verticale)<\/figcaption>\n\t\t\t\t\t\t\t\t\t\t<\/figure>\n\t\t\t\t\t\t\t\t\t<\/div>\n\t\t\t\t<\/div>\n\t\t\t\t\t<\/div>\n\t\t<\/div>\n\t\t\t\t<div class=\"elementor-column elementor-col-50 elementor-top-column elementor-element elementor-element-d9f589d\" data-id=\"d9f589d\" data-element_type=\"column\">\n\t\t\t<div class=\"elementor-widget-wrap elementor-element-populated\">\n\t\t\t\t\t\t<div class=\"elementor-element elementor-element-e4255d4 elementor-widget elementor-widget-image\" data-id=\"e4255d4\" data-element_type=\"widget\" data-widget_type=\"image.default\">\n\t\t\t\t<div class=\"elementor-widget-container\">\n\t\t\t\t\t\t\t\t\t\t\t\t<figure class=\"wp-caption\">\n\t\t\t\t\t\t\t\t\t\t<img loading=\"lazy\" decoding=\"async\" width=\"450\" height=\"337\" src=\"https:\/\/millen.lu\/wp-content\/uploads\/2021\/04\/IMG_7755-e1619344261585.jpg\" class=\"attachment-large size-large wp-image-821\" alt=\"\" srcset=\"https:\/\/millen.lu\/wp-content\/uploads\/2021\/04\/IMG_7755-e1619344261585.jpg 450w, https:\/\/millen.lu\/wp-content\/uploads\/2021\/04\/IMG_7755-e1619344261585-300x225.jpg 300w, https:\/\/millen.lu\/wp-content\/uploads\/2021\/04\/IMG_7755-e1619344261585-16x12.jpg 16w\" sizes=\"(max-width: 450px) 100vw, 450px\" \/>\t\t\t\t\t\t\t\t\t\t\t<figcaption class=\"widget-image-caption wp-caption-text\">M\u00e9canisme des aubes orientables<\/figcaption>\n\t\t\t\t\t\t\t\t\t\t<\/figure>\n\t\t\t\t\t\t\t\t\t<\/div>\n\t\t\t\t<\/div>\n\t\t\t\t<div class=\"elementor-element elementor-element-eb345c3 elementor-align-justify elementor-widget elementor-widget-button\" data-id=\"eb345c3\" data-element_type=\"widget\" data-widget_type=\"button.default\">\n\t\t\t\t<div class=\"elementor-widget-container\">\n\t\t\t\t\t\t\t\t\t<div class=\"elementor-button-wrapper\">\n\t\t\t\t\t<a class=\"elementor-button elementor-button-link elementor-size-sm\" href=\"https:\/\/millen.lu\/wp-content\/uploads\/2021\/06\/1-T-179005_Aufstellungsplan.pdf\">\n\t\t\t\t\t\t<span class=\"elementor-button-content-wrapper\">\n\t\t\t\t\t\t\t\t\t<span class=\"elementor-button-text\">Plan d'installation de la turbine historique<\/span>\n\t\t\t\t\t<\/span>\n\t\t\t\t\t<\/a>\n\t\t\t\t<\/div>\n\t\t\t\t\t\t\t\t<\/div>\n\t\t\t\t<\/div>\n\t\t\t\t\t<\/div>\n\t\t<\/div>\n\t\t\t\t\t<\/div>\n\t\t<\/section>\n\t\t\t\t<section class=\"elementor-section elementor-top-section elementor-element elementor-element-39dc12f elementor-section-boxed elementor-section-height-default elementor-section-height-default\" data-id=\"39dc12f\" data-element_type=\"section\" data-settings=\"{&quot;background_background&quot;:&quot;classic&quot;}\">\n\t\t\t\t\t\t<div class=\"elementor-container elementor-column-gap-default\">\n\t\t\t\t\t<div class=\"elementor-column elementor-col-100 elementor-top-column elementor-element elementor-element-4cf1327\" data-id=\"4cf1327\" data-element_type=\"column\">\n\t\t\t<div class=\"elementor-widget-wrap elementor-element-populated\">\n\t\t\t\t\t\t<div class=\"elementor-element elementor-element-4d7ea96 elementor-widget elementor-widget-video\" data-id=\"4d7ea96\" data-element_type=\"widget\" data-settings=\"{&quot;youtube_url&quot;:&quot;https:\\\/\\\/www.youtube.com\\\/watch?v=3BCiFeykRzo&quot;,&quot;video_type&quot;:&quot;youtube&quot;,&quot;controls&quot;:&quot;yes&quot;}\" data-widget_type=\"video.default\">\n\t\t\t\t<div class=\"elementor-widget-container\">\n\t\t\t\t\t\t\t<div class=\"elementor-wrapper elementor-open-inline\">\n\t\t\t<div class=\"elementor-video\"><\/div>\t\t<\/div>\n\t\t\t\t\t\t<\/div>\n\t\t\t\t<\/div>\n\t\t\t\t\t<\/div>\n\t\t<\/div>\n\t\t\t\t\t<\/div>\n\t\t<\/section>\n\t\t\t\t<section class=\"elementor-section elementor-top-section elementor-element elementor-element-9a2daad elementor-section-boxed elementor-section-height-default elementor-section-height-default\" data-id=\"9a2daad\" data-element_type=\"section\" data-settings=\"{&quot;background_background&quot;:&quot;classic&quot;}\">\n\t\t\t\t\t\t<div class=\"elementor-container elementor-column-gap-default\">\n\t\t\t\t\t<div class=\"elementor-column elementor-col-100 elementor-top-column elementor-element elementor-element-2c63c9d\" data-id=\"2c63c9d\" data-element_type=\"column\">\n\t\t\t<div class=\"elementor-widget-wrap\">\n\t\t\t\t\t\t\t<\/div>\n\t\t<\/div>\n\t\t\t\t\t<\/div>\n\t\t<\/section>\n\t\t\t\t<\/div>","protected":false},"excerpt":{"rendered":"<p>Turbine historique Le moulin de Surr\u00e9 est \u00e9quip\u00e9 d&rsquo;une turbine de type Francis construite en 1938 Turbine historique de type Francis Une b\u00e2che spirale re\u00e7oit l\u2019eau sous pression de la conduite forc\u00e9e et la distribue vers l\u2019int\u00e9rieur de l\u2019anneau qu\u2019elle forme. Sa tenue m\u00e9canique est assur\u00e9e par un cercle d\u2019entretoises profil\u00e9es. Le distributeur est plac\u00e9 [&hellip;]<\/p>","protected":false},"author":3,"featured_media":0,"parent":0,"menu_order":0,"comment_status":"closed","ping_status":"closed","template":"","meta":{"site-sidebar-layout":"no-sidebar","site-content-layout":"page-builder","ast-site-content-layout":"default","site-content-style":"default","site-sidebar-style":"default","ast-global-header-display":"","ast-banner-title-visibility":"","ast-main-header-display":"","ast-hfb-above-header-display":"","ast-hfb-below-header-display":"","ast-hfb-mobile-header-display":"","site-post-title":"disabled","ast-breadcrumbs-content":"","ast-featured-img":"disabled","footer-sml-layout":"","theme-transparent-header-meta":"default","adv-header-id-meta":"","stick-header-meta":"","header-above-stick-meta":"","header-main-stick-meta":"","header-below-stick-meta":"","astra-migrate-meta-layouts":"default","ast-page-background-enabled":"default","ast-page-background-meta":{"desktop":{"background-color":"","background-image":"","background-repeat":"repeat","background-position":"center center","background-size":"auto","background-attachment":"scroll","background-type":"","background-media":"","overlay-type":"","overlay-color":"","overlay-opacity":"","overlay-gradient":""},"tablet":{"background-color":"","background-image":"","background-repeat":"repeat","background-position":"center center","background-size":"auto","background-attachment":"scroll","background-type":"","background-media":"","overlay-type":"","overlay-color":"","overlay-opacity":"","overlay-gradient":""},"mobile":{"background-color":"","background-image":"","background-repeat":"repeat","background-position":"center center","background-size":"auto","background-attachment":"scroll","background-type":"","background-media":"","overlay-type":"","overlay-color":"","overlay-opacity":"","overlay-gradient":""}},"ast-content-background-meta":{"desktop":{"background-color":"var(--ast-global-color-5)","background-image":"","background-repeat":"repeat","background-position":"center center","background-size":"auto","background-attachment":"scroll","background-type":"","background-media":"","overlay-type":"","overlay-color":"","overlay-opacity":"","overlay-gradient":""},"tablet":{"background-color":"var(--ast-global-color-5)","background-image":"","background-repeat":"repeat","background-position":"center center","background-size":"auto","background-attachment":"scroll","background-type":"","background-media":"","overlay-type":"","overlay-color":"","overlay-opacity":"","overlay-gradient":""},"mobile":{"background-color":"var(--ast-global-color-5)","background-image":"","background-repeat":"repeat","background-position":"center center","background-size":"auto","background-attachment":"scroll","background-type":"","background-media":"","overlay-type":"","overlay-color":"","overlay-opacity":"","overlay-gradient":""}},"footnotes":""},"class_list":["post-1150","page","type-page","status-publish","hentry"],"_links":{"self":[{"href":"https:\/\/millen.lu\/en_gb\/wp-json\/wp\/v2\/pages\/1150","targetHints":{"allow":["GET"]}}],"collection":[{"href":"https:\/\/millen.lu\/en_gb\/wp-json\/wp\/v2\/pages"}],"about":[{"href":"https:\/\/millen.lu\/en_gb\/wp-json\/wp\/v2\/types\/page"}],"author":[{"embeddable":true,"href":"https:\/\/millen.lu\/en_gb\/wp-json\/wp\/v2\/users\/3"}],"replies":[{"embeddable":true,"href":"https:\/\/millen.lu\/en_gb\/wp-json\/wp\/v2\/comments?post=1150"}],"version-history":[{"count":0,"href":"https:\/\/millen.lu\/en_gb\/wp-json\/wp\/v2\/pages\/1150\/revisions"}],"wp:attachment":[{"href":"https:\/\/millen.lu\/en_gb\/wp-json\/wp\/v2\/media?parent=1150"}],"curies":[{"name":"wp","href":"https:\/\/api.w.org\/{rel}","templated":true}]}}