{"id":8308,"date":"2024-03-19T09:38:29","date_gmt":"2024-03-19T08:38:29","guid":{"rendered":"https:\/\/millen.lu\/?page_id=8308"},"modified":"2025-01-27T16:57:32","modified_gmt":"2025-01-27T15:57:32","slug":"plan-cadastral-et-cartes-historiques","status":"publish","type":"page","link":"https:\/\/millen.lu\/de\/plan-cadastral-et-cartes-historiques\/","title":{"rendered":"Plan cadastral et cartes historiques"},"content":{"rendered":"<div data-elementor-type=\"wp-page\" data-elementor-id=\"8308\" class=\"elementor elementor-8308\">\n\t\t\t\t\t\t<section class=\"elementor-section elementor-top-section elementor-element elementor-element-3868c07 elementor-section-boxed elementor-section-height-default elementor-section-height-default\" data-id=\"3868c07\" data-element_type=\"section\" data-settings=\"{&quot;background_background&quot;:&quot;classic&quot;}\">\n\t\t\t\t\t\t<div class=\"elementor-container elementor-column-gap-default\">\n\t\t\t\t\t<div class=\"elementor-column elementor-col-100 elementor-top-column elementor-element elementor-element-5b2c2fc4\" data-id=\"5b2c2fc4\" data-element_type=\"column\">\n\t\t\t<div class=\"elementor-widget-wrap elementor-element-populated\">\n\t\t\t\t\t\t<section class=\"elementor-section elementor-inner-section elementor-element elementor-element-203e8297 elementor-section-boxed elementor-section-height-default elementor-section-height-default\" data-id=\"203e8297\" data-element_type=\"section\">\n\t\t\t\t\t\t<div class=\"elementor-container elementor-column-gap-default\">\n\t\t\t\t\t<div class=\"elementor-column elementor-col-50 elementor-inner-column elementor-element elementor-element-788403e\" data-id=\"788403e\" data-element_type=\"column\">\n\t\t\t<div class=\"elementor-widget-wrap elementor-element-populated\">\n\t\t\t\t\t\t<div class=\"elementor-element elementor-element-dcd3b19 elementor-widget elementor-widget-heading\" data-id=\"dcd3b19\" data-element_type=\"widget\" data-widget_type=\"heading.default\">\n\t\t\t\t<div class=\"elementor-widget-container\">\n\t\t\t\t\t<h6 class=\"elementor-heading-title elementor-size-default\">Documentation<\/h6>\t\t\t\t<\/div>\n\t\t\t\t<\/div>\n\t\t\t\t\t<\/div>\n\t\t<\/div>\n\t\t\t\t<div class=\"elementor-column elementor-col-50 elementor-inner-column elementor-element elementor-element-2256e3ae\" data-id=\"2256e3ae\" data-element_type=\"column\">\n\t\t\t<div class=\"elementor-widget-wrap elementor-element-populated\">\n\t\t\t\t\t\t<div class=\"elementor-element elementor-element-12736e6 elementor-widget-divider--view-line elementor-widget elementor-widget-divider\" data-id=\"12736e6\" data-element_type=\"widget\" data-widget_type=\"divider.default\">\n\t\t\t\t<div class=\"elementor-widget-container\">\n\t\t\t\t\t\t\t<div class=\"elementor-divider\">\n\t\t\t<span class=\"elementor-divider-separator\">\n\t\t\t\t\t\t<\/span>\n\t\t<\/div>\n\t\t\t\t\t\t<\/div>\n\t\t\t\t<\/div>\n\t\t\t\t\t<\/div>\n\t\t<\/div>\n\t\t\t\t\t<\/div>\n\t\t<\/section>\n\t\t\t\t<div class=\"elementor-element elementor-element-1c92c683 elementor-widget elementor-widget-heading\" data-id=\"1c92c683\" data-element_type=\"widget\" data-widget_type=\"heading.default\">\n\t\t\t\t<div class=\"elementor-widget-container\">\n\t\t\t\t\t<h4 class=\"elementor-heading-title elementor-size-default\">Plan cadastral<\/h4>\t\t\t\t<\/div>\n\t\t\t\t<\/div>\n\t\t\t\t<div class=\"elementor-element elementor-element-2ab67043 elementor-widget-divider--view-line elementor-widget elementor-widget-divider\" data-id=\"2ab67043\" data-element_type=\"widget\" data-widget_type=\"divider.default\">\n\t\t\t\t<div class=\"elementor-widget-container\">\n\t\t\t\t\t\t\t<div class=\"elementor-divider\">\n\t\t\t<span class=\"elementor-divider-separator\">\n\t\t\t\t\t\t<\/span>\n\t\t<\/div>\n\t\t\t\t\t\t<\/div>\n\t\t\t\t<\/div>\n\t\t\t\t\t<\/div>\n\t\t<\/div>\n\t\t\t\t\t<\/div>\n\t\t<\/section>\n\t\t\t\t<section class=\"elementor-section elementor-top-section elementor-element elementor-element-33d39c92 elementor-section-boxed elementor-section-height-default elementor-section-height-default\" data-id=\"33d39c92\" data-element_type=\"section\" data-settings=\"{&quot;background_background&quot;:&quot;classic&quot;}\">\n\t\t\t\t\t\t<div class=\"elementor-container elementor-column-gap-default\">\n\t\t\t\t\t<div class=\"elementor-column elementor-col-100 elementor-top-column elementor-element elementor-element-337208b3\" data-id=\"337208b3\" data-element_type=\"column\">\n\t\t\t<div class=\"elementor-widget-wrap elementor-element-populated\">\n\t\t\t\t\t\t<div class=\"elementor-element elementor-element-67d6a51b elementor-widget elementor-widget-heading\" data-id=\"67d6a51b\" data-element_type=\"widget\" data-widget_type=\"heading.default\">\n\t\t\t\t<div class=\"elementor-widget-container\">\n\t\t\t\t\t<p class=\"elementor-heading-title elementor-size-medium\">A la demande des anciens propri\u00e9taires, le Conseil communal de Boulaide \u00e9met un avis favorable \u00e0 la protection \"monument national\" du moulin de Surr\u00e9.&nbsp; Le Gouvernement classe en mai 2007 le moulin de Surr\u00e9 comme monument national.&nbsp;<br><br>Le 8 novembre 2019 la ministre de la Culture notifie sa proposition pour le classement du canal du moulin de Surr\u00e9, inscrit au cadastre de la commune de Boulaide, section C de Surr\u00e9 sous les num\u00e9ros 453 et 88.<br>\nL\u2019article 2 de cet arr\u00eat\u00e9 de classement rel\u00e8ve l\u2019int\u00e9r\u00eat historique, industriel et esth\u00e9tique du canal et pr\u00e9cise que le moulin est en \u00e9tat de fonctionnement et que le canal est indispensable pour son fonctionnement.<br><br>A compter du jour de la notification de l\u2019arr\u00eat\u00e9, l'immeuble propos\u00e9 au classement ne peut \u00eatre d\u00e9truit ou d\u00e9plac\u00e9, m\u00eame en partie, ni changer d'affectation, ni \u00eatre l'objet d'un travail de restauration, de r\u00e9paration ou de modification quelconque, que si le Ministre y a donn\u00e9 son autorisation.<br><br>Les extraits cadastraux font express\u00e9ment r\u00e9f\u00e9rence \u00e0 l\u2019existence d'un cours d\u2019eau dans le canal d'amen\u00e9 du moulin.<br><br>Le cours d'eau du canal est class\u00e9 comme biotope dont la destruction est interdite par la loi du 18 juillet 2018 et son r\u00e8glement d\u2019ex\u00e9cution.<\/p>\t\t\t\t<\/div>\n\t\t\t\t<\/div>\n\t\t\t\t<div class=\"elementor-element elementor-element-9884a04 elementor-widget elementor-widget-image\" data-id=\"9884a04\" data-element_type=\"widget\" data-widget_type=\"image.default\">\n\t\t\t\t<div class=\"elementor-widget-container\">\n\t\t\t\t\t\t\t\t\t\t\t\t\t\t\t<img fetchpriority=\"high\" decoding=\"async\" width=\"1024\" height=\"440\" src=\"https:\/\/millen.lu\/wp-content\/uploads\/2025\/01\/plan-cadastral-1989-1024x440.jpg\" class=\"attachment-large size-large wp-image-9723\" alt=\"\" srcset=\"https:\/\/millen.lu\/wp-content\/uploads\/2025\/01\/plan-cadastral-1989-1024x440.jpg 1024w, https:\/\/millen.lu\/wp-content\/uploads\/2025\/01\/plan-cadastral-1989-300x129.jpg 300w, https:\/\/millen.lu\/wp-content\/uploads\/2025\/01\/plan-cadastral-1989-768x330.jpg 768w, https:\/\/millen.lu\/wp-content\/uploads\/2025\/01\/plan-cadastral-1989-1536x660.jpg 1536w, https:\/\/millen.lu\/wp-content\/uploads\/2025\/01\/plan-cadastral-1989-18x8.jpg 18w, https:\/\/millen.lu\/wp-content\/uploads\/2025\/01\/plan-cadastral-1989.jpg 1614w\" sizes=\"(max-width: 1024px) 100vw, 1024px\" \/>\t\t\t\t\t\t\t\t\t\t\t\t\t\t\t<\/div>\n\t\t\t\t<\/div>\n\t\t\t\t<div class=\"elementor-element elementor-element-1ab09a7c elementor-widget elementor-widget-image\" data-id=\"1ab09a7c\" data-element_type=\"widget\" data-widget_type=\"image.default\">\n\t\t\t\t<div class=\"elementor-widget-container\">\n\t\t\t\t\t\t\t\t\t\t\t\t<figure class=\"wp-caption\">\n\t\t\t\t\t\t\t\t\t\t\t<a href=\"https:\/\/millen.lu\/wp-content\/uploads\/2024\/03\/plan-cadastrale-22-janv-2020.jpg\" target=\"_blank\">\n\t\t\t\t\t\t\t<img decoding=\"async\" src=\"https:\/\/millen.lu\/wp-content\/uploads\/2024\/03\/plan-cadastrale-22-janv-2020.jpg\" title=\"\" alt=\"\" loading=\"lazy\" \/>\t\t\t\t\t\t\t\t<\/a>\n\t\t\t\t\t\t\t\t\t\t\t<figcaption class=\"widget-image-caption wp-caption-text\"><\/figcaption>\n\t\t\t\t\t\t\t\t\t\t<\/figure>\n\t\t\t\t\t\t\t\t\t<\/div>\n\t\t\t\t<\/div>\n\t\t\t\t\t<\/div>\n\t\t<\/div>\n\t\t\t\t\t<\/div>\n\t\t<\/section>\n\t\t\t\t<section class=\"elementor-section elementor-top-section elementor-element elementor-element-f274821 elementor-section-boxed elementor-section-height-default elementor-section-height-default\" data-id=\"f274821\" data-element_type=\"section\" data-settings=\"{&quot;background_background&quot;:&quot;classic&quot;}\">\n\t\t\t\t\t\t<div class=\"elementor-container elementor-column-gap-default\">\n\t\t\t\t\t<div class=\"elementor-column elementor-col-100 elementor-top-column elementor-element elementor-element-e1c403b\" data-id=\"e1c403b\" data-element_type=\"column\">\n\t\t\t<div class=\"elementor-widget-wrap elementor-element-populated\">\n\t\t\t\t\t\t<div class=\"elementor-element elementor-element-681349c elementor-widget elementor-widget-heading\" data-id=\"681349c\" data-element_type=\"widget\" data-widget_type=\"heading.default\">\n\t\t\t\t<div class=\"elementor-widget-container\">\n\t\t\t\t\t<p class=\"elementor-heading-title elementor-size-medium\">Le mesurage, demand\u00e9 de la Commune de Boulaide, fusionne des parcelles appartenant \u00e0 des tiers, supprime des rep\u00e8res d\u00e9finis dans les actes notari\u00e9s et enregistr\u00e9s et fait dispara\u00eetre sur le plan cadastral le cours d'eau vers le moulin.<br><br>Ces modifications ne disposent pas de l'accord des propri\u00e9taires et ne sont pas autoris\u00e9es par le ministre de la culture.<\/p>\t\t\t\t<\/div>\n\t\t\t\t<\/div>\n\t\t\t\t\t<\/div>\n\t\t<\/div>\n\t\t\t\t\t<\/div>\n\t\t<\/section>\n\t\t\t\t<\/div>","protected":false},"excerpt":{"rendered":"<p>Documentation Plan cadastral A la demande des anciens propri\u00e9taires, le Conseil communal de Boulaide \u00e9met un avis favorable \u00e0 la protection \u00ab\u00a0monument national\u00a0\u00bb du moulin de Surr\u00e9.&nbsp; Le Gouvernement classe en mai 2007 le moulin de Surr\u00e9 comme monument national.&nbsp; Le 8 novembre 2019 la ministre de la Culture notifie sa proposition pour le classement [&hellip;]<\/p>","protected":false},"author":1,"featured_media":0,"parent":0,"menu_order":0,"comment_status":"closed","ping_status":"closed","template":"","meta":{"site-sidebar-layout":"no-sidebar","site-content-layout":"page-builder","ast-site-content-layout":"full-width-container","site-content-style":"default","site-sidebar-style":"default","ast-global-header-display":"","ast-banner-title-visibility":"","ast-main-header-display":"","ast-hfb-above-header-display":"","ast-hfb-below-header-display":"","ast-hfb-mobile-header-display":"","site-post-title":"disabled","ast-breadcrumbs-content":"","ast-featured-img":"disabled","footer-sml-layout":"","theme-transparent-header-meta":"","adv-header-id-meta":"","stick-header-meta":"","header-above-stick-meta":"","header-main-stick-meta":"","header-below-stick-meta":"","astra-migrate-meta-layouts":"default","ast-page-background-enabled":"default","ast-page-background-meta":{"desktop":{"background-color":"","background-image":"","background-repeat":"repeat","background-position":"center center","background-size":"auto","background-attachment":"scroll","background-type":"","background-media":"","overlay-type":"","overlay-color":"","overlay-opacity":"","overlay-gradient":""},"tablet":{"background-color":"","background-image":"","background-repeat":"repeat","background-position":"center center","background-size":"auto","background-attachment":"scroll","background-type":"","background-media":"","overlay-type":"","overlay-color":"","overlay-opacity":"","overlay-gradient":""},"mobile":{"background-color":"","background-image":"","background-repeat":"repeat","background-position":"center center","background-size":"auto","background-attachment":"scroll","background-type":"","background-media":"","overlay-type":"","overlay-color":"","overlay-opacity":"","overlay-gradient":""}},"ast-content-background-meta":{"desktop":{"background-color":"var(--ast-global-color-5)","background-image":"","background-repeat":"repeat","background-position":"center center","background-size":"auto","background-attachment":"scroll","background-type":"","background-media":"","overlay-type":"","overlay-color":"","overlay-opacity":"","overlay-gradient":""},"tablet":{"background-color":"var(--ast-global-color-5)","background-image":"","background-repeat":"repeat","background-position":"center center","background-size":"auto","background-attachment":"scroll","background-type":"","background-media":"","overlay-type":"","overlay-color":"","overlay-opacity":"","overlay-gradient":""},"mobile":{"background-color":"var(--ast-global-color-5)","background-image":"","background-repeat":"repeat","background-position":"center center","background-size":"auto","background-attachment":"scroll","background-type":"","background-media":"","overlay-type":"","overlay-color":"","overlay-opacity":"","overlay-gradient":""}},"footnotes":""},"class_list":["post-8308","page","type-page","status-publish","hentry"],"_links":{"self":[{"href":"https:\/\/millen.lu\/de\/wp-json\/wp\/v2\/pages\/8308","targetHints":{"allow":["GET"]}}],"collection":[{"href":"https:\/\/millen.lu\/de\/wp-json\/wp\/v2\/pages"}],"about":[{"href":"https:\/\/millen.lu\/de\/wp-json\/wp\/v2\/types\/page"}],"author":[{"embeddable":true,"href":"https:\/\/millen.lu\/de\/wp-json\/wp\/v2\/users\/1"}],"replies":[{"embeddable":true,"href":"https:\/\/millen.lu\/de\/wp-json\/wp\/v2\/comments?post=8308"}],"version-history":[{"count":67,"href":"https:\/\/millen.lu\/de\/wp-json\/wp\/v2\/pages\/8308\/revisions"}],"predecessor-version":[{"id":9853,"href":"https:\/\/millen.lu\/de\/wp-json\/wp\/v2\/pages\/8308\/revisions\/9853"}],"wp:attachment":[{"href":"https:\/\/millen.lu\/de\/wp-json\/wp\/v2\/media?parent=8308"}],"curies":[{"name":"wp","href":"https:\/\/api.w.org\/{rel}","templated":true}]}}