{"id":1301,"date":"2021-04-26T16:01:39","date_gmt":"2021-04-26T16:01:39","guid":{"rendered":"https:\/\/millen.lu\/?page_id=1301"},"modified":"2021-05-08T09:10:30","modified_gmt":"2021-05-08T09:10:30","slug":"banalite","status":"publish","type":"page","link":"https:\/\/millen.lu\/de\/banalite\/","title":{"rendered":"Banalit\u00e9"},"content":{"rendered":"<div data-elementor-type=\"wp-page\" data-elementor-id=\"1301\" class=\"elementor elementor-1301\">\n\t\t\t\t\t\t<section class=\"elementor-section elementor-top-section elementor-element elementor-element-fcfab71 elementor-section-boxed elementor-section-height-default elementor-section-height-default\" data-id=\"fcfab71\" data-element_type=\"section\" data-settings=\"{&quot;background_background&quot;:&quot;classic&quot;}\">\n\t\t\t\t\t\t<div class=\"elementor-container elementor-column-gap-default\">\n\t\t\t\t\t<div class=\"elementor-column elementor-col-100 elementor-top-column elementor-element elementor-element-651a3ca8\" data-id=\"651a3ca8\" data-element_type=\"column\">\n\t\t\t<div class=\"elementor-widget-wrap elementor-element-populated\">\n\t\t\t\t\t\t<section class=\"elementor-section elementor-inner-section elementor-element elementor-element-6f33e838 elementor-section-boxed elementor-section-height-default elementor-section-height-default\" data-id=\"6f33e838\" data-element_type=\"section\">\n\t\t\t\t\t\t<div class=\"elementor-container elementor-column-gap-default\">\n\t\t\t\t\t<div class=\"elementor-column elementor-col-50 elementor-inner-column elementor-element elementor-element-228a2373\" data-id=\"228a2373\" data-element_type=\"column\">\n\t\t\t<div class=\"elementor-widget-wrap elementor-element-populated\">\n\t\t\t\t\t\t<div class=\"elementor-element elementor-element-545dfb8c elementor-widget elementor-widget-heading\" data-id=\"545dfb8c\" data-element_type=\"widget\" data-widget_type=\"heading.default\">\n\t\t\t\t<div class=\"elementor-widget-container\">\n\t\t\t\t\t<h6 class=\"elementor-heading-title elementor-size-default\">Banalit\u00e9<\/h6>\t\t\t\t<\/div>\n\t\t\t\t<\/div>\n\t\t\t\t\t<\/div>\n\t\t<\/div>\n\t\t\t\t<div class=\"elementor-column elementor-col-50 elementor-inner-column elementor-element elementor-element-358c63aa\" data-id=\"358c63aa\" data-element_type=\"column\">\n\t\t\t<div class=\"elementor-widget-wrap elementor-element-populated\">\n\t\t\t\t\t\t<div class=\"elementor-element elementor-element-6522eb46 elementor-widget-divider--view-line elementor-widget elementor-widget-divider\" data-id=\"6522eb46\" data-element_type=\"widget\" data-widget_type=\"divider.default\">\n\t\t\t\t<div class=\"elementor-widget-container\">\n\t\t\t\t\t\t\t<div class=\"elementor-divider\">\n\t\t\t<span class=\"elementor-divider-separator\">\n\t\t\t\t\t\t<\/span>\n\t\t<\/div>\n\t\t\t\t\t\t<\/div>\n\t\t\t\t<\/div>\n\t\t\t\t\t<\/div>\n\t\t<\/div>\n\t\t\t\t\t<\/div>\n\t\t<\/section>\n\t\t\t\t<div class=\"elementor-element elementor-element-7c4f7742 elementor-widget elementor-widget-heading\" data-id=\"7c4f7742\" data-element_type=\"widget\" data-widget_type=\"heading.default\">\n\t\t\t\t<div class=\"elementor-widget-container\">\n\t\t\t\t\t<h4 class=\"elementor-heading-title elementor-size-default\">Le droit de ban<\/h4>\t\t\t\t<\/div>\n\t\t\t\t<\/div>\n\t\t\t\t<div class=\"elementor-element elementor-element-734e375f elementor-widget-divider--view-line elementor-widget elementor-widget-divider\" data-id=\"734e375f\" data-element_type=\"widget\" data-widget_type=\"divider.default\">\n\t\t\t\t<div class=\"elementor-widget-container\">\n\t\t\t\t\t\t\t<div class=\"elementor-divider\">\n\t\t\t<span class=\"elementor-divider-separator\">\n\t\t\t\t\t\t<\/span>\n\t\t<\/div>\n\t\t\t\t\t\t<\/div>\n\t\t\t\t<\/div>\n\t\t\t\t\t<\/div>\n\t\t<\/div>\n\t\t\t\t\t<\/div>\n\t\t<\/section>\n\t\t\t\t<section class=\"elementor-section elementor-top-section elementor-element elementor-element-9ba73c4 elementor-section-boxed elementor-section-height-default elementor-section-height-default\" data-id=\"9ba73c4\" data-element_type=\"section\" data-settings=\"{&quot;background_background&quot;:&quot;classic&quot;}\">\n\t\t\t\t\t\t<div class=\"elementor-container elementor-column-gap-default\">\n\t\t\t\t\t<div class=\"elementor-column elementor-col-50 elementor-top-column elementor-element elementor-element-d5f12ef\" data-id=\"d5f12ef\" data-element_type=\"column\">\n\t\t\t<div class=\"elementor-widget-wrap elementor-element-populated\">\n\t\t\t\t\t\t<div class=\"elementor-element elementor-element-ef4e03b elementor-widget elementor-widget-image\" data-id=\"ef4e03b\" data-element_type=\"widget\" data-widget_type=\"image.default\">\n\t\t\t\t<div class=\"elementor-widget-container\">\n\t\t\t\t\t\t\t\t\t\t\t\t<figure class=\"wp-caption\">\n\t\t\t\t\t\t\t\t\t\t<img fetchpriority=\"high\" decoding=\"async\" width=\"894\" height=\"714\" src=\"https:\/\/millen.lu\/wp-content\/uploads\/2021\/04\/Carte-Ferrari-Surre.jpg\" class=\"attachment-large size-large wp-image-1111\" alt=\"\" srcset=\"https:\/\/millen.lu\/wp-content\/uploads\/2021\/04\/Carte-Ferrari-Surre.jpg 894w, https:\/\/millen.lu\/wp-content\/uploads\/2021\/04\/Carte-Ferrari-Surre-300x240.jpg 300w, https:\/\/millen.lu\/wp-content\/uploads\/2021\/04\/Carte-Ferrari-Surre-768x613.jpg 768w, https:\/\/millen.lu\/wp-content\/uploads\/2021\/04\/Carte-Ferrari-Surre-16x12.jpg 16w\" sizes=\"(max-width: 894px) 100vw, 894px\" \/>\t\t\t\t\t\t\t\t\t\t\t<figcaption class=\"widget-image-caption wp-caption-text\">Carte Ferraris de Surr\u00e9<\/figcaption>\n\t\t\t\t\t\t\t\t\t\t<\/figure>\n\t\t\t\t\t\t\t\t\t<\/div>\n\t\t\t\t<\/div>\n\t\t\t\t\t<\/div>\n\t\t<\/div>\n\t\t\t\t<div class=\"elementor-column elementor-col-50 elementor-top-column elementor-element elementor-element-e7387d5\" data-id=\"e7387d5\" data-element_type=\"column\">\n\t\t\t<div class=\"elementor-widget-wrap elementor-element-populated\">\n\t\t\t\t\t\t<div class=\"elementor-element elementor-element-517ddc7 elementor-widget elementor-widget-heading\" data-id=\"517ddc7\" data-element_type=\"widget\" data-widget_type=\"heading.default\">\n\t\t\t\t<div class=\"elementor-widget-container\">\n\t\t\t\t\t<h5 class=\"elementor-heading-title elementor-size-default\">\u00c0 l\u2019\u00e9poque de la grande construction des moulins, les terres appartiennent aux seigneurs la\u00efcs, aux \u00e9v\u00eaques et aux abbayes. Il leur est facile de faire creuser les canaux dans des bois, des prairies sans craindre des contestations des paysans. <\/h5>\t\t\t\t<\/div>\n\t\t\t\t<\/div>\n\t\t\t\t<div class=\"elementor-element elementor-element-e103a9c elementor-widget elementor-widget-heading\" data-id=\"e103a9c\" data-element_type=\"widget\" data-widget_type=\"heading.default\">\n\t\t\t\t<div class=\"elementor-widget-container\">\n\t\t\t\t\t<h5 class=\"elementor-heading-title elementor-size-default\">Au d\u00e9but, seule la puissance physique est recherch\u00e9e, peu \u00e0 peu c\u2019est la puissance \u00e9conomique qui fait du moulin un instrument de profit. La banalit\u00e9 a facilit\u00e9 le d\u00e9veloppement des moulins \u00e0 farine, pi\u00e8ce essentielle de la construction seigneuriale, \u00e9l\u00e9ment de base du \u00abban\u00bb. Le but \u00absocial\u00bb initial d'un usage collectif est bien vite d\u00e9tourn\u00e9 pour aboutir \u00e0 de lourdes contraintes, la banalit\u00e9. La banalit\u00e9 est le monopole qu\u2019avait un noble d\u2019obliger la population habitant sur son fief d\u2019aller faire moudre son grain dans le moulin banal, d\u2019aller cuire son pain au four banal, etc. <\/h5>\t\t\t\t<\/div>\n\t\t\t\t<\/div>\n\t\t\t\t<div class=\"elementor-element elementor-element-78ab8da elementor-widget elementor-widget-heading\" data-id=\"78ab8da\" data-element_type=\"widget\" data-widget_type=\"heading.default\">\n\t\t\t\t<div class=\"elementor-widget-container\">\n\t\t\t\t\t<h5 class=\"elementor-heading-title elementor-size-default\">Le droit de ban est \u00e0 la fois pouvoir de commandement, de justice et de fiscalit\u00e9 ; le seigneur est ma\u00eetre des terres, des hommes, des animaux, mais aussi de l'eau des rivi\u00e8res. Il est le seul \u00e0 avoir le droit d'\u00e9tablir un moulin sur son domaine. A travers la seigneurie banale, le seigneur, \u00e0 la fois propri\u00e9taire foncier et d\u00e9tenteur d'un pouvoir de contrainte, s'approprie une part du travail des hommes install\u00e9s sur ses terres. Les seigneurs n'\u00e9tant habilit\u00e9s \u00e0 revendiquer aucun droit sur l'air car le vent n'appartient \u00e0 personne, les moulins \u00e0 vent, dont les ailes commenc\u00e8rent \u00e0 se dresser vers la fin du XIIe si\u00e8cle, ont parfois \u00e9t\u00e9 \u00e9difi\u00e9s principalement en protestation contre la banalit\u00e9.  <\/h5>\t\t\t\t<\/div>\n\t\t\t\t<\/div>\n\t\t\t\t\t<\/div>\n\t\t<\/div>\n\t\t\t\t\t<\/div>\n\t\t<\/section>\n\t\t\t\t<section class=\"elementor-section elementor-top-section elementor-element elementor-element-86cef42 elementor-section-boxed elementor-section-height-default elementor-section-height-default\" data-id=\"86cef42\" data-element_type=\"section\" data-settings=\"{&quot;background_background&quot;:&quot;classic&quot;}\">\n\t\t\t\t\t\t<div class=\"elementor-container elementor-column-gap-default\">\n\t\t\t\t\t<div class=\"elementor-column elementor-col-100 elementor-top-column elementor-element elementor-element-2afb008\" data-id=\"2afb008\" data-element_type=\"column\">\n\t\t\t<div class=\"elementor-widget-wrap elementor-element-populated\">\n\t\t\t\t\t\t<div class=\"elementor-element elementor-element-2df49c6 elementor-widget elementor-widget-heading\" data-id=\"2df49c6\" data-element_type=\"widget\" data-widget_type=\"heading.default\">\n\t\t\t\t<div class=\"elementor-widget-container\">\n\t\t\t\t\t<h5 class=\"elementor-heading-title elementor-size-default\">L\u2019Edit de Moulins de f\u00e9vrier 1566 \u00e9tablit le principe d\u2019inali\u00e9nabilit\u00e9 du domaine de la Couronne. La distinction fondamentale entre les rivi\u00e8res navigables et flottables et celles qui ne l\u2019\u00e9taient pas a \u00e9t\u00e9 officialis\u00e9e par l\u2019ordonnance royale des Eaux et For\u00eats de ao\u00fbt 1669, dite ordonnance de Colbert. Sur les rivi\u00e8res navigables, l\u2019autorit\u00e9 supr\u00eame devenait seule investie d\u2019autoriser la cr\u00e9ation de nouveaux \u00abbarrages\u00bb usiniers et le maintien des am\u00e9nagements existants, ainsi que du pouvoir de police y aff\u00e9rent. La tr\u00e8s grande majorit\u00e9 des usines du Royaume, situ\u00e9es sur des rivi\u00e8res non navigables ni flottables, rest\u00e8rent sous la tutelle de la seigneurie banale. Sous l'Ancien r\u00e9gime, le probl\u00e8me de l'entretien ne se pose gu\u00e8re. Les conflits les plus connus traitaient plus particuli\u00e8rement du droit de propri\u00e9t\u00e9. En tant qu'investissement essentiel au domaine, le propri\u00e9taire se doit de l'entretenir. Les \u00ab banniers \u00bb, ou utilisateurs oblig\u00e9s du moulin, sont tenus d\u2019effectuer des travaux bas\u00e9s sur le principe de la corv\u00e9e ou r\u00e9quisition des hommes. Les rivi\u00e8res sont entretenues par les corv\u00e9ables. La dur\u00e9e des corv\u00e9es est fix\u00e9e par la coutume ou par la charte du village. Les corv\u00e9es sont rachetables et gr\u00e2ce au revenu qu\u2019il retire de cette vente, le seigneur peut faire effectuer les travaux indispensables.<\/h5>\t\t\t\t<\/div>\n\t\t\t\t<\/div>\n\t\t\t\t<div class=\"elementor-element elementor-element-4358319 elementor-widget elementor-widget-heading\" data-id=\"4358319\" data-element_type=\"widget\" data-widget_type=\"heading.default\">\n\t\t\t\t<div class=\"elementor-widget-container\">\n\t\t\t\t\t<h5 class=\"elementor-heading-title elementor-size-default\">D\u00e8s la nuit du 4 ao\u00fbt 1789, les corv\u00e9es sont abolies. Quand les moulins sont devenus plus nombreux, la population n\u2019a plus support\u00e9 d\u2019\u00eatre oblig\u00e9e d\u2019aller faire moudre son bl\u00e9 au moulin banal, qui n\u2019\u00e9tait pas forc\u00e9ment le plus accessible et le plus \u00ab\u00e9conomique\u00bb. La banalit\u00e9 ne se justifiant plus, elle a \u00e9t\u00e9 consid\u00e9r\u00e9e comme un privil\u00e8ge. Ce privil\u00e8ge \u00e9tant propri\u00e9t\u00e9 exclusive des nobles et des eccl\u00e9siastiques, la Convention n\u2019a pas h\u00e9sit\u00e9 \u00e0 satisfaire les demandes formul\u00e9es dans les cahiers de dol\u00e9ances. La banalit\u00e9 a \u00e9t\u00e9 aussi une des causes de la R\u00e9volution fran\u00e7aise. La R\u00e9volution a fait dispara\u00eetre la banalit\u00e9 et les conflits qu\u2019elle g\u00e9n\u00e9rait. Par contre, elle n\u2019a pas supprim\u00e9 les droits d\u2019usage de l\u2019eau.<\/h5>\t\t\t\t<\/div>\n\t\t\t\t<\/div>\n\t\t\t\t<div class=\"elementor-element elementor-element-0bd0894 elementor-widget elementor-widget-heading\" data-id=\"0bd0894\" data-element_type=\"widget\" data-widget_type=\"heading.default\">\n\t\t\t\t<div class=\"elementor-widget-container\">\n\t\t\t\t\t<h5 class=\"elementor-heading-title elementor-size-default\">Un nombre important de moulins servant, en cette fin du XVIIIe si\u00e8cle, \u00e0 des fins industrielles, il aurait \u00e9t\u00e9 mal venu de remettre en cause la possibilit\u00e9 d\u2019utiliser l\u2019eau, d\u2019autant que de nombreux moulins, devenus propri\u00e9t\u00e9 de l\u2019Etat suite \u00e0 la confiscation des biens de l\u2019Eglise ou d\u2019\u00e9migr\u00e9s, devant \u00eatre vendus \u00e0 des particuliers, il fallait bien qu\u2019ils puissent tourner. Ce sont des raisons \u00e9conomiques qui ont donc pouss\u00e9 au maintien du statu quo. Il en r\u00e9sulte que le droit d\u2019eau n\u2019a pas aujourd\u2019hui \u00e0 \u00eatre consid\u00e9r\u00e9 comme un privil\u00e8ge n\u2019ayant pas \u00e9t\u00e9 supprim\u00e9, mais comme une n\u00e9cessit\u00e9 \u00e9conomique.<\/h5>\t\t\t\t<\/div>\n\t\t\t\t<\/div>\n\t\t\t\t<div class=\"elementor-element elementor-element-19a48da elementor-widget elementor-widget-heading\" data-id=\"19a48da\" data-element_type=\"widget\" data-widget_type=\"heading.default\">\n\t\t\t\t<div class=\"elementor-widget-container\">\n\t\t\t\t\t<h5 class=\"elementor-heading-title elementor-size-default\">par Annie Bouchard, Pr\u00e9sidente de la FFAM de 2004 \u00e0 2013<\/h5>\t\t\t\t<\/div>\n\t\t\t\t<\/div>\n\t\t\t\t\t<\/div>\n\t\t<\/div>\n\t\t\t\t\t<\/div>\n\t\t<\/section>\n\t\t\t\t<\/div>","protected":false},"excerpt":{"rendered":"<p>Banalit\u00e9 Le droit de ban Carte Ferraris de Surr\u00e9 \u00c0 l\u2019\u00e9poque de la grande construction des moulins, les terres appartiennent aux seigneurs la\u00efcs, aux \u00e9v\u00eaques et aux abbayes. Il leur est facile de faire creuser les canaux dans des bois, des prairies sans craindre des contestations des paysans. Au d\u00e9but, seule la puissance physique est [&hellip;]<\/p>","protected":false},"author":3,"featured_media":0,"parent":0,"menu_order":0,"comment_status":"closed","ping_status":"closed","template":"","meta":{"site-sidebar-layout":"no-sidebar","site-content-layout":"page-builder","ast-site-content-layout":"default","site-content-style":"default","site-sidebar-style":"default","ast-global-header-display":"","ast-banner-title-visibility":"","ast-main-header-display":"","ast-hfb-above-header-display":"","ast-hfb-below-header-display":"","ast-hfb-mobile-header-display":"","site-post-title":"disabled","ast-breadcrumbs-content":"","ast-featured-img":"disabled","footer-sml-layout":"","theme-transparent-header-meta":"default","adv-header-id-meta":"","stick-header-meta":"","header-above-stick-meta":"","header-main-stick-meta":"","header-below-stick-meta":"","astra-migrate-meta-layouts":"default","ast-page-background-enabled":"default","ast-page-background-meta":{"desktop":{"background-color":"","background-image":"","background-repeat":"repeat","background-position":"center center","background-size":"auto","background-attachment":"scroll","background-type":"","background-media":"","overlay-type":"","overlay-color":"","overlay-opacity":"","overlay-gradient":""},"tablet":{"background-color":"","background-image":"","background-repeat":"repeat","background-position":"center center","background-size":"auto","background-attachment":"scroll","background-type":"","background-media":"","overlay-type":"","overlay-color":"","overlay-opacity":"","overlay-gradient":""},"mobile":{"background-color":"","background-image":"","background-repeat":"repeat","background-position":"center center","background-size":"auto","background-attachment":"scroll","background-type":"","background-media":"","overlay-type":"","overlay-color":"","overlay-opacity":"","overlay-gradient":""}},"ast-content-background-meta":{"desktop":{"background-color":"var(--ast-global-color-5)","background-image":"","background-repeat":"repeat","background-position":"center center","background-size":"auto","background-attachment":"scroll","background-type":"","background-media":"","overlay-type":"","overlay-color":"","overlay-opacity":"","overlay-gradient":""},"tablet":{"background-color":"var(--ast-global-color-5)","background-image":"","background-repeat":"repeat","background-position":"center center","background-size":"auto","background-attachment":"scroll","background-type":"","background-media":"","overlay-type":"","overlay-color":"","overlay-opacity":"","overlay-gradient":""},"mobile":{"background-color":"var(--ast-global-color-5)","background-image":"","background-repeat":"repeat","background-position":"center center","background-size":"auto","background-attachment":"scroll","background-type":"","background-media":"","overlay-type":"","overlay-color":"","overlay-opacity":"","overlay-gradient":""}},"footnotes":""},"class_list":["post-1301","page","type-page","status-publish","hentry"],"_links":{"self":[{"href":"https:\/\/millen.lu\/de\/wp-json\/wp\/v2\/pages\/1301","targetHints":{"allow":["GET"]}}],"collection":[{"href":"https:\/\/millen.lu\/de\/wp-json\/wp\/v2\/pages"}],"about":[{"href":"https:\/\/millen.lu\/de\/wp-json\/wp\/v2\/types\/page"}],"author":[{"embeddable":true,"href":"https:\/\/millen.lu\/de\/wp-json\/wp\/v2\/users\/3"}],"replies":[{"embeddable":true,"href":"https:\/\/millen.lu\/de\/wp-json\/wp\/v2\/comments?post=1301"}],"version-history":[{"count":0,"href":"https:\/\/millen.lu\/de\/wp-json\/wp\/v2\/pages\/1301\/revisions"}],"wp:attachment":[{"href":"https:\/\/millen.lu\/de\/wp-json\/wp\/v2\/media?parent=1301"}],"curies":[{"name":"wp","href":"https:\/\/api.w.org\/{rel}","templated":true}]}}